{"id":66,"date":"2017-10-12T18:30:10","date_gmt":"2017-10-12T16:30:10","guid":{"rendered":"http:\/\/volley37-ufolep-fsgt.fr\/?page_id=66"},"modified":"2025-11-14T16:30:07","modified_gmt":"2025-11-14T15:30:07","slug":"presentation","status":"publish","type":"page","link":"https:\/\/volley37-ufolep-fsgt.fr\/?page_id=66","title":{"rendered":"Pr\u00e9sentation"},"content":{"rendered":"<p>L&rsquo;Ufolep et la FSGT sont des f\u00e9d\u00e9rations nationales multisports. En Indre-et-Loire, ces f\u00e9d\u00e9rations proposent ainsi une multitude de sports. Pour le volley-ball, elles se sont r\u00e9unies pour organiser le championnat Ufolep-FSGT (souvent abr\u00e9g\u00e9 en \u00ab\u00a0championnat Ufolep\u00a0\u00bb) articul\u00e9 en 6 poules de niveau, allant de la poule A (la plus relev\u00e9e) \u00e0 la poule F (la plus faible). Chaque poule repr\u00e9sente un \u00ab\u00a0mini-championnat\u00a0\u00bb ind\u00e9pendant, au sein duquel toutes les \u00e9quipes se rencontrent en matchs aller-retour. Toutes les \u00e9quipes jouent dans le d\u00e9partement 37 uniquement.<\/p>\n<p>A l&rsquo;issue de chaque saison, les deux premiers sont promus en poule sup\u00e9rieure (sauf en poule A, bien s\u00fbr), et les deux derniers sont rel\u00e9gu\u00e9s en poule inf\u00e9rieure (sauf en poule F, \u00e9videmment). Chaque nouvelle \u00e9quipe inscrite en Ufolep ou FSGT d\u00e9bute d\u00e9sormais dans la poule la plus faible (donc actuellement en poule G), quel que soit son niveau de d\u00e9part.<\/p>\n<p>On trouve tout type d&rsquo;\u00e9quipe en Ufolep : celles qui sont rattach\u00e9es au club sportif d&rsquo;une ville , mais aussi des \u00e9quipes d&rsquo;entreprise. Certaines \u00e9quipes \u00e9voluaient auparavant (ou \u00e9voluent toujours) en championnat d\u00e9partemental (ex : Jou\u00e9, Montlouis, Amboise, Sainte Maure&#8230;).<\/p>\n<div><canvas id=\"graphEquipes\"><\/canvas><\/div>\n\t<script>\n\t\tvar ctx = document.getElementById('graphEquipes');\n\n\t\tnew Chart(ctx, {\n\t\t\ttype: 'bar'\n\t\t\t, data: {\n\t\t\t\tlabels: [2008,2009,2010,2011,2012,2013,2014,2015,2016,2017,2018,2019,2020,2021,2022,2023,2024,2025]\n\t\t\t\t, datasets: [{\n\t\t\t\t\tdata: [49,52,54,61,70,70,71,74,71,70,66,59,57,54,57,57,60,69]\n\t\t\t\t\t, borderWidth: 1\n\t\t\t\t\t, backgroundColor: [\n\t\t\t\t\t'rgba(255, 159, 64, 0.5)'\n\t\t\t\t\t, 'rgba(255, 205, 86, 0.5)'\n\t\t\t\t\t]\n\t\t\t\t\t, borderColor: [\n\t\t\t\t\t'rgb(255, 159, 64)'\n\t\t\t\t\t, 'rgb(255, 205, 86)'\n\t\t\t\t\t]\n\t\t\t\t}]\n\t\t\t}\n\t\t\t, options: {\n\t\t\t\tplugins: {\n\t\t\t\t\ttitle: {\n\t\t\t\t\t\tdisplay: true\n\t\t\t\t\t\t, text: '\u00c9volution du nombre d\\'\u00e9quipes dans le championnat depuis 2009'\n\t\t\t\t\t\t, font: {\n\t\t\t\t\t\t\tfamily: 'calibri'\n\t\t\t\t\t\t\t, size: 16\n\t\t\t\t\t\t\t, weight: 'bold'\n\t\t\t\t\t\t}\n\t\t\t\t\t}\n\t\t\t\t\t, legend: {\n\t\t\t\t\t\tdisplay: false\n\t\t\t\t\t}\n\t\t\t\t}\n\t\t\t\t, scales: {\n\t\t\t\t\ty: {\n\t\t\t\t\t\tbeginAtZero: true\n\t\t\t\t\t}\n\t\t\t\t}\n\t\t\t}\n\t\t});\n\t<\/script>\n<p><strong><em>Quelles sont les diff\u00e9rences entre le championnat f\u00e9d\u00e9ral d\u00e9partemental et l&rsquo;Ufolep ?<\/em><\/strong><br \/>\nTout d&rsquo;abord, les \u00e9quipes peuvent \u00eatre mixtes (par contre la hauteur du filet est celles des messieurs : 2,43m). Ensuite, il y a possibilit\u00e9 de jouer en n&rsquo;\u00e9tant que 5 sur le terrain. L&rsquo;arbitrage n&rsquo;est pas assur\u00e9 par un arbitre officiel, mais par les \u00e9quipes elles-m\u00eames (en g\u00e9n\u00e9ral, c&rsquo;est l&rsquo;\u00e9quipe qui re\u00e7oit qui assure l&rsquo;arbitrage). La comptabilisation des points pour le classement est diff\u00e9rente. Il n&rsquo;y a pas de frais de mutation lors d&rsquo;un changement de club, ni de p\u00e9nalit\u00e9 financi\u00e8re en cas de forfait. De fa\u00e7on officieuse, la tradition veut qu&rsquo;en Ufolep, l&rsquo;\u00e9quipe recevante offre un \u00ab\u00a0buffet\u00a0\u00bb d&rsquo;apr\u00e8s-match \u00e0 son adversaire.<\/p>\n<p>M\u00eame si le cadre reste comp\u00e9titif, l&rsquo;esprit de l&rsquo;Ufolep est essentiellement orient\u00e9 sur le loisir et la convivialit\u00e9.<\/p>\n","protected":false},"excerpt":{"rendered":"<p>L&rsquo;Ufolep et la FSGT sont des f\u00e9d\u00e9rations nationales multisports. En Indre-et-Loire, ces f\u00e9d\u00e9rations proposent ainsi une multitude de sports. Pour le volley-ball, elles se sont r\u00e9unies pour organiser le championnat Ufolep-FSGT (souvent abr\u00e9g\u00e9 en \u00ab\u00a0championnat Ufolep\u00a0\u00bb) articul\u00e9 en 6 poules de niveau, allant de la poule A (la plus relev\u00e9e) \u00e0 la poule F (la &hellip; <\/p>\n<p><a class=\"more-link btn\" href=\"https:\/\/volley37-ufolep-fsgt.fr\/?page_id=66\">Lire la suite<\/a><\/p>\n","protected":false},"author":3,"featured_media":0,"parent":37,"menu_order":1,"comment_status":"closed","ping_status":"closed","template":"","meta":{"_crdt_document":"","footnotes":""},"class_list":["post-66","page","type-page","status-publish","hentry","nodate","item-wrap"],"_links":{"self":[{"href":"https:\/\/volley37-ufolep-fsgt.fr\/index.php?rest_route=\/wp\/v2\/pages\/66","targetHints":{"allow":["GET"]}}],"collection":[{"href":"https:\/\/volley37-ufolep-fsgt.fr\/index.php?rest_route=\/wp\/v2\/pages"}],"about":[{"href":"https:\/\/volley37-ufolep-fsgt.fr\/index.php?rest_route=\/wp\/v2\/types\/page"}],"author":[{"embeddable":true,"href":"https:\/\/volley37-ufolep-fsgt.fr\/index.php?rest_route=\/wp\/v2\/users\/3"}],"replies":[{"embeddable":true,"href":"https:\/\/volley37-ufolep-fsgt.fr\/index.php?rest_route=%2Fwp%2Fv2%2Fcomments&post=66"}],"version-history":[{"count":2,"href":"https:\/\/volley37-ufolep-fsgt.fr\/index.php?rest_route=\/wp\/v2\/pages\/66\/revisions"}],"predecessor-version":[{"id":821,"href":"https:\/\/volley37-ufolep-fsgt.fr\/index.php?rest_route=\/wp\/v2\/pages\/66\/revisions\/821"}],"up":[{"embeddable":true,"href":"https:\/\/volley37-ufolep-fsgt.fr\/index.php?rest_route=\/wp\/v2\/pages\/37"}],"wp:attachment":[{"href":"https:\/\/volley37-ufolep-fsgt.fr\/index.php?rest_route=%2Fwp%2Fv2%2Fmedia&parent=66"}],"curies":[{"name":"wp","href":"https:\/\/api.w.org\/{rel}","templated":true}]}}